{"id":7073,"date":"2018-11-27T09:16:54","date_gmt":"2018-11-27T09:16:54","guid":{"rendered":"https:\/\/yousellwesend.de\/about-us\/"},"modified":"2024-05-07T09:50:58","modified_gmt":"2024-05-07T09:50:58","slug":"about-us","status":"publish","type":"page","link":"https:\/\/yousellwesend.de\/en\/about-us\/","title":{"rendered":"About Us"},"content":{"rendered":"\t\t<div data-elementor-type=\"wp-page\" data-elementor-id=\"7073\" class=\"elementor elementor-7073 elementor-540\" data-elementor-settings=\"{&quot;ha_cmc_init_switcher&quot;:&quot;no&quot;}\" data-elementor-post-type=\"page\">\n\t\t\t\t\t\t<section class=\"elementor-section elementor-top-section elementor-element elementor-element-944fd1d elementor-section-boxed elementor-section-height-default elementor-section-height-default\" data-id=\"944fd1d\" data-element_type=\"section\" data-settings=\"{&quot;background_background&quot;:&quot;classic&quot;,&quot;_ha_eqh_enable&quot;:false}\">\n\t\t\t\t\t\t<div class=\"elementor-container elementor-column-gap-default\">\n\t\t\t\t\t<div class=\"elementor-column elementor-col-100 elementor-top-column elementor-element elementor-element-df653d7 elementor-invisible\" data-id=\"df653d7\" data-element_type=\"column\" data-settings=\"{&quot;animation&quot;:&quot;fadeInLeft&quot;}\">\n\t\t\t<div class=\"elementor-widget-wrap elementor-element-populated\">\n\t\t\t\t\t\t<div class=\"elementor-element elementor-element-cb154fd elementor-widget elementor-widget-image\" data-id=\"cb154fd\" data-element_type=\"widget\" data-widget_type=\"image.default\">\n\t\t\t\t<div class=\"elementor-widget-container\">\n\t\t\t\t\t\t\t\t\t\t\t\t\t\t\t<img loading=\"lazy\" decoding=\"async\" width=\"200\" height=\"50\" src=\"https:\/\/yousellwesend.de\/wp-content\/uploads\/2022\/12\/cropped-Ohne-Titel-600-\u00d7-400-px-600-\u00d7-200-px-600-\u00d7-150-px-200x50-1.png\" class=\"attachment-large size-large wp-image-6834\" alt=\"\" \/>\t\t\t\t\t\t\t\t\t\t\t\t\t\t\t<\/div>\n\t\t\t\t<\/div>\n\t\t\t\t<div class=\"elementor-element elementor-element-85b2438 elementor-widget elementor-widget-heading\" data-id=\"85b2438\" data-element_type=\"widget\" data-widget_type=\"heading.default\">\n\t\t\t\t<div class=\"elementor-widget-container\">\n\t\t\t\t\t<h1 class=\"elementor-heading-title elementor-size-default\">This is us<\/h1>\t\t\t\t<\/div>\n\t\t\t\t<\/div>\n\t\t\t\t\t<\/div>\n\t\t<\/div>\n\t\t\t\t\t<\/div>\n\t\t<\/section>\n\t\t\t\t<section class=\"elementor-section elementor-top-section elementor-element elementor-element-56dd073 elementor-reverse-mobile elementor-section-boxed elementor-section-height-default elementor-section-height-default\" data-id=\"56dd073\" data-element_type=\"section\" data-settings=\"{&quot;_ha_eqh_enable&quot;:false}\">\n\t\t\t\t\t\t<div class=\"elementor-container elementor-column-gap-default\">\n\t\t\t\t\t<div class=\"elementor-column elementor-col-50 elementor-top-column elementor-element elementor-element-ff37784\" data-id=\"ff37784\" data-element_type=\"column\">\n\t\t\t<div class=\"elementor-widget-wrap elementor-element-populated\">\n\t\t\t\t\t\t<div class=\"elementor-element elementor-element-d8fc68e elementor-widget elementor-widget-video\" data-id=\"d8fc68e\" data-element_type=\"widget\" data-settings=\"{&quot;youtube_url&quot;:&quot;https:\\\/\\\/www.youtube.com\\\/watch?v=dYZ_m7972v8&quot;,&quot;video_type&quot;:&quot;youtube&quot;,&quot;controls&quot;:&quot;yes&quot;}\" data-widget_type=\"video.default\">\n\t\t\t\t<div class=\"elementor-widget-container\">\n\t\t\t\t\t\t\t<div class=\"elementor-wrapper elementor-open-inline\">\n\t\t\t<div class=\"elementor-video\"> <div class=\"brlbs-cmpnt-container brlbs-cmpnt-content-blocker brlbs-cmpnt-with-individual-styles\" data-borlabs-cookie-content-blocker-id=\"youtube-content-blocker\" data-borlabs-cookie-content=\"PHNjcmlwdD4KKGZ1bmN0aW9uKCkgewogICAgbGV0IGQgPSBudWxsOwoKICAgIC8vIGlmIHdlIGFyZSBpbiBhIGxvb3AsIHdlIG5lZWQgdG8gc2VsZWN0IHRoZSBjb3JyZWN0IHZpZGVvIGVsZW1lbnQsIHNpbmNlIFdpZGdldCBJRCBvY2N1cnMgbXVsdGlwbGUgdGltZXMgb24gcGFnZQogICAgY29uc3QgZWxlbXNJbkxvb3AgPSBkb2N1bWVudC5xdWVyeVNlbGVjdG9yQWxsKCc6aXMoZGl2W2RhdGEtZWxlbWVudG9yLXR5cGU9Imxvb3AtaXRlbSJdLGRpdltkYXRhLWVsZW1lbnRvci10eXBlPSJqZXQtbGlzdGluZy1pdGVtcyJdKSBkaXYuZWxlbWVudG9yLWVsZW1lbnQtZDhmYzY4ZScpOwogICAgaWYgKGVsZW1zSW5Mb29wLmxlbmd0aCA9PT0gMSkgewogICAgICAgIGQgPSBlbGVtc0luTG9vcFswXTsKICAgIH0gZWxzZSBpZiAoZWxlbXNJbkxvb3AubGVuZ3RoID4gMSkgewogICAgICAgIGlmICh0eXBlb2YgZG9jdW1lbnQuY3VycmVudFNjcmlwdCA9PT0gJ3VuZGVmaW5lZCcgfHwgZG9jdW1lbnQuY3VycmVudFNjcmlwdCA9PSBudWxsKSB7CiAgICAgICAgICAgIHJldHVybjsKICAgICAgICB9CiAgICAgICAgY29uc3QgdG1wVmlkZW9XaWRnZXQgPSBkb2N1bWVudC5jdXJyZW50U2NyaXB0LmNsb3Nlc3QoJ1tkYXRhLXdpZGdldF90eXBlPSJicmxic192aWRlby5kZWZhdWx0Il0nKTsKICAgICAgICBpZiAodG1wVmlkZW9XaWRnZXQpIHsKICAgICAgICAgICAgZCA9IHRtcFZpZGVvV2lkZ2V0OwogICAgICAgIH0KICAgIH0KCiAgICBpZiAoZCA9PSBudWxsKSB7CiAgICAgICAgZCA9IGRvY3VtZW50LnF1ZXJ5U2VsZWN0b3IoJ2Rpdi5lbGVtZW50b3ItZWxlbWVudC1kOGZjNjhlJyk7CiAgICB9CgogICAgaWYgKGQgPT0gbnVsbCkgewogICAgICAgIHJldHVybjsKICAgIH0KICAgIGQuZGF0YXNldC53aWRnZXRfdHlwZSA9IGQuZGF0YXNldC53aWRnZXRfdHlwZS5yZXBsYWNlKCdicmxic18nLCAnJyk7CiAgICBkLmRhdGFzZXQuYnJsYnNVbmJsb2NrZWQgPSAndHJ1ZSc7CgogICAgY29uc3QgaW50ZXJ2YWwgPSBzZXRJbnRlcnZhbCgoKSA9PiB7CiAgICAgICAgaWYgKHR5cGVvZiBlbGVtZW50b3JGcm9udGVuZCAhPT0gJ3VuZGVmaW5lZCcgJiYgdHlwZW9mIGVsZW1lbnRvckZyb250ZW5kLmhvb2tzICE9PSAndW5kZWZpbmVkJykgewogICAgICAgICAgICBjbGVhckludGVydmFsKGludGVydmFsKTsKICAgICAgICAgICAgZWxlbWVudG9yRnJvbnRlbmQuaG9va3MuZG9BY3Rpb24oJ2Zyb250ZW5kL2VsZW1lbnRfcmVhZHkvdmlkZW8uZGVmYXVsdCcsIGpRdWVyeShkKSwgalF1ZXJ5KQogICAgICAgIH0KICAgIH0sIDMwKQp9KSgpOwo8L3NjcmlwdD4=\"><div class=\"brlbs-cmpnt-cb-preset-c brlbs-cmpnt-cb-youtube\"> <div class=\"brlbs-cmpnt-cb-thumbnail\" style=\"background-image: url('https:\/\/yousellwesend.de\/wp-content\/uploads\/borlabs-cookie\/1\/yt_dYZ_m7972v8_hqdefault.jpg')\"><\/div> <div class=\"brlbs-cmpnt-cb-main\"> <div class=\"brlbs-cmpnt-cb-play-button\"><\/div> <div class=\"brlbs-cmpnt-cb-content\"> <p class=\"brlbs-cmpnt-cb-description\">You are currently viewing a placeholder content from <strong>YouTube<\/strong>. To access the actual content, click the button below. Please note that doing so will share data with third-party providers.<\/p> <a class=\"brlbs-cmpnt-cb-provider-toggle\" href=\"#\" data-borlabs-cookie-show-provider-information role=\"button\">More Information<\/a> <\/div> <div class=\"brlbs-cmpnt-cb-buttons\"> <a class=\"brlbs-cmpnt-cb-btn\" href=\"#\" data-borlabs-cookie-unblock role=\"button\">Unblock content<\/a> <a class=\"brlbs-cmpnt-cb-btn\" href=\"#\" data-borlabs-cookie-accept-service role=\"button\" style=\"display: inherit\">Accept required service and unblock content<\/a> <\/div> <\/div> <\/div><\/div><\/div>\t\t<\/div>\n\t\t\t\t\t\t<\/div>\n\t\t\t\t<\/div>\n\t\t\t\t\t<\/div>\n\t\t<\/div>\n\t\t\t\t<div class=\"elementor-column elementor-col-50 elementor-top-column elementor-element elementor-element-0232297\" data-id=\"0232297\" data-element_type=\"column\">\n\t\t\t<div class=\"elementor-widget-wrap elementor-element-populated\">\n\t\t\t\t\t\t<div class=\"elementor-element elementor-element-1d64f5c elementor-widget elementor-widget-text-editor\" data-id=\"1d64f5c\" data-element_type=\"widget\" data-widget_type=\"text-editor.default\">\n\t\t\t\t<div class=\"elementor-widget-container\">\n\t\t\t\t\t\t\t\t\t<p><strong>YouSellWeSend GmbH<\/strong> was founded in 2016 in Hamburg, Germany, to make online selling as easy and time-saving as possible with intelligent technology. For this purpose, the <strong>YSWS Dashboard<\/strong> was developed, which today fully digitalizes the entire process and enables collaboration between logisticians, service providers and customers directly in the software.<\/p>\n<p><strong>Thanks to automated processes, our customers gain time.<\/strong> Startups, fashion brands, electronic retailers, creative minds and crafts, medicine and wine lovers, beauty products and other industries are thus able to focus on their business.<\/p>\n\t\t\t\t\t\t\t\t<\/div>\n\t\t\t\t<\/div>\n\t\t\t\t\t<\/div>\n\t\t<\/div>\n\t\t\t\t\t<\/div>\n\t\t<\/section>\n\t\t<div class=\"elementor-element elementor-element-ae0c42a e-flex e-con-boxed e-con e-parent\" data-id=\"ae0c42a\" data-element_type=\"container\" data-settings=\"{&quot;background_background&quot;:&quot;classic&quot;,&quot;_ha_eqh_enable&quot;:false}\">\n\t\t\t\t\t<div class=\"e-con-inner\">\n\t\t\t\t<div class=\"elementor-element elementor-element-40bbece elementor-view-default elementor-widget elementor-widget-global elementor-global-3211 elementor-widget-icon\" data-id=\"40bbece\" data-element_type=\"widget\" data-widget_type=\"icon.default\">\n\t\t\t\t<div class=\"elementor-widget-container\">\n\t\t\t\t\t\t\t<div class=\"elementor-icon-wrapper\">\n\t\t\t<div class=\"elementor-icon\">\n\t\t\t<svg aria-hidden=\"true\" class=\"e-font-icon-svg e-fas-bookmark\" viewBox=\"0 0 384 512\" xmlns=\"http:\/\/www.w3.org\/2000\/svg\"><path d=\"M0 512V48C0 21.49 21.49 0 48 0h288c26.51 0 48 21.49 48 48v464L192 400 0 512z\"><\/path><\/svg>\t\t\t<\/div>\n\t\t<\/div>\n\t\t\t\t\t\t<\/div>\n\t\t\t\t<\/div>\n\t\t\t\t<div class=\"elementor-element elementor-element-9c92f7e elementor-widget elementor-widget-global elementor-global-3570 elementor-widget-heading\" data-id=\"9c92f7e\" data-element_type=\"widget\" data-widget_type=\"heading.default\">\n\t\t\t\t<div class=\"elementor-widget-container\">\n\t\t\t\t\t<h2 class=\"elementor-heading-title elementor-size-default\">Jetzt unverbindlich anfordern<\/h2>\t\t\t\t<\/div>\n\t\t\t\t<\/div>\n\t\t\t\t<div class=\"elementor-element elementor-element-2f504f0 elementor-widget elementor-widget-spacer\" data-id=\"2f504f0\" data-element_type=\"widget\" data-widget_type=\"spacer.default\">\n\t\t\t\t<div class=\"elementor-widget-container\">\n\t\t\t\t\t\t\t<div class=\"elementor-spacer\">\n\t\t\t<div class=\"elementor-spacer-inner\"><\/div>\n\t\t<\/div>\n\t\t\t\t\t\t<\/div>\n\t\t\t\t<\/div>\n\t\t\t\t<div class=\"elementor-element elementor-element-53c51bd elementor-widget elementor-widget-global elementor-global-3554 elementor-widget-heading\" data-id=\"53c51bd\" data-element_type=\"widget\" data-widget_type=\"heading.default\">\n\t\t\t\t<div class=\"elementor-widget-container\">\n\t\t\t\t\t<h3 class=\"elementor-heading-title elementor-size-default\">Dein Fulfillment Angebot f\u00fcr Lager, Versand und Retouren\n<\/h3>\t\t\t\t<\/div>\n\t\t\t\t<\/div>\n\t\t\t\t<div class=\"elementor-element elementor-element-8bd91b8 elementor-widget elementor-widget-global elementor-global-3557 elementor-widget-html\" data-id=\"8bd91b8\" data-element_type=\"widget\" data-widget_type=\"html.default\">\n\t\t\t\t<div class=\"elementor-widget-container\">\n\t\t\t\t\t<p class=\"wpcf7-contact-form-not-found\"><strong>Error:<\/strong> Contact form not found.<\/p>\t\t\t\t<\/div>\n\t\t\t\t<\/div>\n\t\t\t\t\t<\/div>\n\t\t\t\t<\/div>\n\t\t\t\t<\/div>\n\t\t","protected":false},"excerpt":{"rendered":"<p>This is us https:\/\/www.youtube.com\/watch?v=dYZ_m7972v8 YouSellWeSend GmbH was founded in 2016 in Hamburg, Germany, to make online selling as easy and time-saving as possible with intelligent technology. For this purpose, the YSWS Dashboard was developed, which today fully digitalizes the entire process and enables collaboration between logisticians, service providers and customers directly in the software. Thanks [&hellip;]<\/p>\n","protected":false},"author":5,"featured_media":0,"parent":0,"menu_order":0,"comment_status":"closed","ping_status":"closed","template":"","meta":{"site-sidebar-layout":"no-sidebar","site-content-layout":"page-builder","ast-site-content-layout":"full-width-container","site-content-style":"unboxed","site-sidebar-style":"unboxed","ast-global-header-display":"","ast-banner-title-visibility":"","ast-main-header-display":"","ast-hfb-above-header-display":"","ast-hfb-below-header-display":"","ast-hfb-mobile-header-display":"","site-post-title":"disabled","ast-breadcrumbs-content":"","ast-featured-img":"disabled","footer-sml-layout":"","ast-disable-related-posts":"","theme-transparent-header-meta":"enabled","adv-header-id-meta":"","stick-header-meta":"","header-above-stick-meta":"","header-main-stick-meta":"","header-below-stick-meta":"","astra-migrate-meta-layouts":"default","ast-page-background-enabled":"default","ast-page-background-meta":{"desktop":{"background-color":"","background-image":"","background-repeat":"repeat","background-position":"center center","background-size":"auto","background-attachment":"scroll","background-type":"","background-media":"","overlay-type":"","overlay-color":"","overlay-opacity":"","overlay-gradient":""},"tablet":{"background-color":"","background-image":"","background-repeat":"repeat","background-position":"center center","background-size":"auto","background-attachment":"scroll","background-type":"","background-media":"","overlay-type":"","overlay-color":"","overlay-opacity":"","overlay-gradient":""},"mobile":{"background-color":"","background-image":"","background-repeat":"repeat","background-position":"center center","background-size":"auto","background-attachment":"scroll","background-type":"","background-media":"","overlay-type":"","overlay-color":"","overlay-opacity":"","overlay-gradient":""}},"ast-content-background-meta":{"desktop":{"background-color":"var(--ast-global-color-5)","background-image":"","background-repeat":"repeat","background-position":"center center","background-size":"auto","background-attachment":"scroll","background-type":"","background-media":"","overlay-type":"","overlay-color":"","overlay-opacity":"","overlay-gradient":""},"tablet":{"background-color":"var(--ast-global-color-5)","background-image":"","background-repeat":"repeat","background-position":"center center","background-size":"auto","background-attachment":"scroll","background-type":"","background-media":"","overlay-type":"","overlay-color":"","overlay-opacity":"","overlay-gradient":""},"mobile":{"background-color":"var(--ast-global-color-5)","background-image":"","background-repeat":"repeat","background-position":"center center","background-size":"auto","background-attachment":"scroll","background-type":"","background-media":"","overlay-type":"","overlay-color":"","overlay-opacity":"","overlay-gradient":""}},"footnotes":""},"class_list":["post-7073","page","type-page","status-publish","hentry"],"yoast_head":"<!-- This site is optimized with the Yoast SEO plugin v27.4 - https:\/\/yoast.com\/product\/yoast-seo-wordpress\/ -->\n<title>YouSellWeSend | Our Fulfillment Idea<\/title>\n<meta name=\"description\" content=\"From the warehouse, to the software, to the network. In 2017, the YouSellWeSend network was born. And we continue to grow \u25ba steadily.\" \/>\n<meta name=\"robots\" content=\"index, follow, max-snippet:-1, max-image-preview:large, max-video-preview:-1\" \/>\n<link rel=\"canonical\" href=\"https:\/\/yousellwesend.de\/en\/about-us\/\" \/>\n<meta property=\"og:locale\" content=\"en_US\" \/>\n<meta property=\"og:type\" content=\"article\" \/>\n<meta property=\"og:title\" content=\"YouSellWeSend | Our Fulfillment Idea\" \/>\n<meta property=\"og:description\" content=\"From the warehouse, to the software, to the network. In 2017, the YouSellWeSend network was born. And we continue to grow \u25ba steadily.\" \/>\n<meta property=\"og:url\" content=\"https:\/\/yousellwesend.de\/en\/about-us\/\" \/>\n<meta property=\"og:site_name\" content=\"YouSellWeSend\" \/>\n<meta property=\"article:publisher\" content=\"https:\/\/de-de.facebook.com\/yousellwesend\/\" \/>\n<meta property=\"article:modified_time\" content=\"2024-05-07T09:50:58+00:00\" \/>\n<meta name=\"twitter:card\" content=\"summary_large_image\" \/>\n<meta name=\"twitter:label1\" content=\"Est. reading time\" \/>\n\t<meta name=\"twitter:data1\" content=\"1 minute\" \/>\n<script type=\"application\/ld+json\" class=\"yoast-schema-graph\">{\"@context\":\"https:\\\/\\\/schema.org\",\"@graph\":[{\"@type\":\"Article\",\"@id\":\"https:\\\/\\\/yousellwesend.de\\\/en\\\/about-us\\\/#article\",\"isPartOf\":{\"@id\":\"https:\\\/\\\/yousellwesend.de\\\/en\\\/about-us\\\/\"},\"author\":{\"name\":\"Jenny\",\"@id\":\"https:\\\/\\\/yousellwesend.de\\\/en\\\/#\\\/schema\\\/person\\\/87104a8f3543ac1f1cf3803d581c371b\"},\"headline\":\"About Us\",\"datePublished\":\"2018-11-27T09:16:54+00:00\",\"dateModified\":\"2024-05-07T09:50:58+00:00\",\"mainEntityOfPage\":{\"@id\":\"https:\\\/\\\/yousellwesend.de\\\/en\\\/about-us\\\/\"},\"wordCount\":115,\"publisher\":{\"@id\":\"https:\\\/\\\/yousellwesend.de\\\/en\\\/#organization\"},\"inLanguage\":\"en-US\"},{\"@type\":\"WebPage\",\"@id\":\"https:\\\/\\\/yousellwesend.de\\\/en\\\/about-us\\\/\",\"url\":\"https:\\\/\\\/yousellwesend.de\\\/en\\\/about-us\\\/\",\"name\":\"YouSellWeSend | Our Fulfillment Idea\",\"isPartOf\":{\"@id\":\"https:\\\/\\\/yousellwesend.de\\\/en\\\/#website\"},\"datePublished\":\"2018-11-27T09:16:54+00:00\",\"dateModified\":\"2024-05-07T09:50:58+00:00\",\"description\":\"From the warehouse, to the software, to the network. In 2017, the YouSellWeSend network was born. And we continue to grow \u25ba steadily.\",\"breadcrumb\":{\"@id\":\"https:\\\/\\\/yousellwesend.de\\\/en\\\/about-us\\\/#breadcrumb\"},\"inLanguage\":\"en-US\",\"potentialAction\":[{\"@type\":\"ReadAction\",\"target\":[\"https:\\\/\\\/yousellwesend.de\\\/en\\\/about-us\\\/\"]}]},{\"@type\":\"BreadcrumbList\",\"@id\":\"https:\\\/\\\/yousellwesend.de\\\/en\\\/about-us\\\/#breadcrumb\",\"itemListElement\":[{\"@type\":\"ListItem\",\"position\":1,\"name\":\"Startseite\",\"item\":\"https:\\\/\\\/yousellwesend.de\\\/en\\\/\"},{\"@type\":\"ListItem\",\"position\":2,\"name\":\"About Us\"}]},{\"@type\":\"WebSite\",\"@id\":\"https:\\\/\\\/yousellwesend.de\\\/en\\\/#website\",\"url\":\"https:\\\/\\\/yousellwesend.de\\\/en\\\/\",\"name\":\"YouSellWeSend\",\"description\":\"Lager und Versand f\u00fcr dein E-Commerce Business\",\"publisher\":{\"@id\":\"https:\\\/\\\/yousellwesend.de\\\/en\\\/#organization\"},\"potentialAction\":[{\"@type\":\"SearchAction\",\"target\":{\"@type\":\"EntryPoint\",\"urlTemplate\":\"https:\\\/\\\/yousellwesend.de\\\/en\\\/?s={search_term_string}\"},\"query-input\":{\"@type\":\"PropertyValueSpecification\",\"valueRequired\":true,\"valueName\":\"search_term_string\"}}],\"inLanguage\":\"en-US\"},{\"@type\":\"Organization\",\"@id\":\"https:\\\/\\\/yousellwesend.de\\\/en\\\/#organization\",\"name\":\"YouSellWeSend\",\"url\":\"https:\\\/\\\/yousellwesend.de\\\/en\\\/\",\"logo\":{\"@type\":\"ImageObject\",\"inLanguage\":\"en-US\",\"@id\":\"https:\\\/\\\/yousellwesend.de\\\/en\\\/#\\\/schema\\\/logo\\\/image\\\/\",\"url\":\"https:\\\/\\\/yousellwesend.de\\\/wp-content\\\/uploads\\\/2023\\\/05\\\/ysws_logo_einzeilig.svg\",\"contentUrl\":\"https:\\\/\\\/yousellwesend.de\\\/wp-content\\\/uploads\\\/2023\\\/05\\\/ysws_logo_einzeilig.svg\",\"width\":368,\"height\":85,\"caption\":\"YouSellWeSend\"},\"image\":{\"@id\":\"https:\\\/\\\/yousellwesend.de\\\/en\\\/#\\\/schema\\\/logo\\\/image\\\/\"},\"sameAs\":[\"https:\\\/\\\/de-de.facebook.com\\\/yousellwesend\\\/\",\"https:\\\/\\\/www.youtube.com\\\/@yousellwesendgmbh3681\",\"https:\\\/\\\/de.linkedin.com\\\/company\\\/yousellwesend\",\"https:\\\/\\\/www.instagram.com\\\/yousellwesend\\\/?hl=de\"]},{\"@type\":\"Person\",\"@id\":\"https:\\\/\\\/yousellwesend.de\\\/en\\\/#\\\/schema\\\/person\\\/87104a8f3543ac1f1cf3803d581c371b\",\"name\":\"Jenny\",\"image\":{\"@type\":\"ImageObject\",\"inLanguage\":\"en-US\",\"@id\":\"https:\\\/\\\/secure.gravatar.com\\\/avatar\\\/bc03b2d4260ae75a03ea67b6d5fdb0084a0825240b6e9a96121d63ab36a86089?s=96&d=mm&r=g\",\"url\":\"https:\\\/\\\/secure.gravatar.com\\\/avatar\\\/bc03b2d4260ae75a03ea67b6d5fdb0084a0825240b6e9a96121d63ab36a86089?s=96&d=mm&r=g\",\"contentUrl\":\"https:\\\/\\\/secure.gravatar.com\\\/avatar\\\/bc03b2d4260ae75a03ea67b6d5fdb0084a0825240b6e9a96121d63ab36a86089?s=96&d=mm&r=g\",\"caption\":\"Jenny\"}}]}<\/script>\n<!-- \/ Yoast SEO plugin. -->","yoast_head_json":{"title":"YouSellWeSend | Our Fulfillment Idea","description":"From the warehouse, to the software, to the network. In 2017, the YouSellWeSend network was born. And we continue to grow \u25ba steadily.","robots":{"index":"index","follow":"follow","max-snippet":"max-snippet:-1","max-image-preview":"max-image-preview:large","max-video-preview":"max-video-preview:-1"},"canonical":"https:\/\/yousellwesend.de\/en\/about-us\/","og_locale":"en_US","og_type":"article","og_title":"YouSellWeSend | Our Fulfillment Idea","og_description":"From the warehouse, to the software, to the network. In 2017, the YouSellWeSend network was born. And we continue to grow \u25ba steadily.","og_url":"https:\/\/yousellwesend.de\/en\/about-us\/","og_site_name":"YouSellWeSend","article_publisher":"https:\/\/de-de.facebook.com\/yousellwesend\/","article_modified_time":"2024-05-07T09:50:58+00:00","twitter_card":"summary_large_image","twitter_misc":{"Est. reading time":"1 minute"},"schema":{"@context":"https:\/\/schema.org","@graph":[{"@type":"Article","@id":"https:\/\/yousellwesend.de\/en\/about-us\/#article","isPartOf":{"@id":"https:\/\/yousellwesend.de\/en\/about-us\/"},"author":{"name":"Jenny","@id":"https:\/\/yousellwesend.de\/en\/#\/schema\/person\/87104a8f3543ac1f1cf3803d581c371b"},"headline":"About Us","datePublished":"2018-11-27T09:16:54+00:00","dateModified":"2024-05-07T09:50:58+00:00","mainEntityOfPage":{"@id":"https:\/\/yousellwesend.de\/en\/about-us\/"},"wordCount":115,"publisher":{"@id":"https:\/\/yousellwesend.de\/en\/#organization"},"inLanguage":"en-US"},{"@type":"WebPage","@id":"https:\/\/yousellwesend.de\/en\/about-us\/","url":"https:\/\/yousellwesend.de\/en\/about-us\/","name":"YouSellWeSend | Our Fulfillment Idea","isPartOf":{"@id":"https:\/\/yousellwesend.de\/en\/#website"},"datePublished":"2018-11-27T09:16:54+00:00","dateModified":"2024-05-07T09:50:58+00:00","description":"From the warehouse, to the software, to the network. In 2017, the YouSellWeSend network was born. And we continue to grow \u25ba steadily.","breadcrumb":{"@id":"https:\/\/yousellwesend.de\/en\/about-us\/#breadcrumb"},"inLanguage":"en-US","potentialAction":[{"@type":"ReadAction","target":["https:\/\/yousellwesend.de\/en\/about-us\/"]}]},{"@type":"BreadcrumbList","@id":"https:\/\/yousellwesend.de\/en\/about-us\/#breadcrumb","itemListElement":[{"@type":"ListItem","position":1,"name":"Startseite","item":"https:\/\/yousellwesend.de\/en\/"},{"@type":"ListItem","position":2,"name":"About Us"}]},{"@type":"WebSite","@id":"https:\/\/yousellwesend.de\/en\/#website","url":"https:\/\/yousellwesend.de\/en\/","name":"YouSellWeSend","description":"Lager und Versand f\u00fcr dein E-Commerce Business","publisher":{"@id":"https:\/\/yousellwesend.de\/en\/#organization"},"potentialAction":[{"@type":"SearchAction","target":{"@type":"EntryPoint","urlTemplate":"https:\/\/yousellwesend.de\/en\/?s={search_term_string}"},"query-input":{"@type":"PropertyValueSpecification","valueRequired":true,"valueName":"search_term_string"}}],"inLanguage":"en-US"},{"@type":"Organization","@id":"https:\/\/yousellwesend.de\/en\/#organization","name":"YouSellWeSend","url":"https:\/\/yousellwesend.de\/en\/","logo":{"@type":"ImageObject","inLanguage":"en-US","@id":"https:\/\/yousellwesend.de\/en\/#\/schema\/logo\/image\/","url":"https:\/\/yousellwesend.de\/wp-content\/uploads\/2023\/05\/ysws_logo_einzeilig.svg","contentUrl":"https:\/\/yousellwesend.de\/wp-content\/uploads\/2023\/05\/ysws_logo_einzeilig.svg","width":368,"height":85,"caption":"YouSellWeSend"},"image":{"@id":"https:\/\/yousellwesend.de\/en\/#\/schema\/logo\/image\/"},"sameAs":["https:\/\/de-de.facebook.com\/yousellwesend\/","https:\/\/www.youtube.com\/@yousellwesendgmbh3681","https:\/\/de.linkedin.com\/company\/yousellwesend","https:\/\/www.instagram.com\/yousellwesend\/?hl=de"]},{"@type":"Person","@id":"https:\/\/yousellwesend.de\/en\/#\/schema\/person\/87104a8f3543ac1f1cf3803d581c371b","name":"Jenny","image":{"@type":"ImageObject","inLanguage":"en-US","@id":"https:\/\/secure.gravatar.com\/avatar\/bc03b2d4260ae75a03ea67b6d5fdb0084a0825240b6e9a96121d63ab36a86089?s=96&d=mm&r=g","url":"https:\/\/secure.gravatar.com\/avatar\/bc03b2d4260ae75a03ea67b6d5fdb0084a0825240b6e9a96121d63ab36a86089?s=96&d=mm&r=g","contentUrl":"https:\/\/secure.gravatar.com\/avatar\/bc03b2d4260ae75a03ea67b6d5fdb0084a0825240b6e9a96121d63ab36a86089?s=96&d=mm&r=g","caption":"Jenny"}}]}},"_links":{"self":[{"href":"https:\/\/yousellwesend.de\/en\/wp-json\/wp\/v2\/pages\/7073","targetHints":{"allow":["GET"]}}],"collection":[{"href":"https:\/\/yousellwesend.de\/en\/wp-json\/wp\/v2\/pages"}],"about":[{"href":"https:\/\/yousellwesend.de\/en\/wp-json\/wp\/v2\/types\/page"}],"author":[{"embeddable":true,"href":"https:\/\/yousellwesend.de\/en\/wp-json\/wp\/v2\/users\/5"}],"replies":[{"embeddable":true,"href":"https:\/\/yousellwesend.de\/en\/wp-json\/wp\/v2\/comments?post=7073"}],"version-history":[{"count":0,"href":"https:\/\/yousellwesend.de\/en\/wp-json\/wp\/v2\/pages\/7073\/revisions"}],"wp:attachment":[{"href":"https:\/\/yousellwesend.de\/en\/wp-json\/wp\/v2\/media?parent=7073"}],"curies":[{"name":"wp","href":"https:\/\/api.w.org\/{rel}","templated":true}]}}